{"id":263,"date":"2023-05-19T09:45:29","date_gmt":"2023-05-19T09:45:50","guid":{"rendered":"https:\/\/aismolenbeek.be\/m-a-i-s-6\/"},"modified":"2024-12-16T09:48:30","modified_gmt":"2024-12-16T09:48:30","slug":"contact","status":"publish","type":"page","link":"https:\/\/aismolenbeek.be\/nl\/contact\/","title":{"rendered":"Contact"},"content":{"rendered":"\t\t<div data-elementor-type=\"wp-page\" data-elementor-id=\"263\" class=\"elementor elementor-263\" data-elementor-post-type=\"page\">\n\t\t\t\t<div class=\"elementor-element elementor-element-703a1cb e-con-full e-flex e-con e-parent\" data-id=\"703a1cb\" data-element_type=\"container\" data-e-type=\"container\">\n\t\t<div class=\"elementor-element elementor-element-1b2ae38 e-con-full e-flex e-con e-child\" data-id=\"1b2ae38\" data-element_type=\"container\" data-e-type=\"container\">\n\t\t<div class=\"elementor-element elementor-element-817fdb4 e-con-full e-flex e-con e-child\" data-id=\"817fdb4\" data-element_type=\"container\" data-e-type=\"container\">\n\t\t\t\t<div class=\"elementor-element elementor-element-2408f9c elementor-widget elementor-widget-heading\" data-id=\"2408f9c\" data-element_type=\"widget\" data-e-type=\"widget\" data-widget_type=\"heading.default\">\n\t\t\t\t<div class=\"elementor-widget-container\">\n\t\t\t\t\t<h2 class=\"elementor-heading-title elementor-size-default\">Par courrier<\/h2>\t\t\t\t<\/div>\n\t\t\t\t<\/div>\n\t\t\t\t<div class=\"elementor-element elementor-element-c91696b elementor-widget elementor-widget-text-editor\" data-id=\"c91696b\" data-element_type=\"widget\" data-e-type=\"widget\" data-widget_type=\"text-editor.default\">\n\t\t\t\t<div class=\"elementor-widget-container\">\n\t\t\t\t\t\t\t\t\t<span class=\"lettreAcc\">MAIS<\/span> asbl\nRue Potaerdegat 22-24\n1080 Molenbeek-Saint-Jean\t\t\t\t\t\t\t\t<\/div>\n\t\t\t\t<\/div>\n\t\t\t\t<div class=\"elementor-element elementor-element-1393c96 elementor-widget elementor-widget-heading\" data-id=\"1393c96\" data-element_type=\"widget\" data-e-type=\"widget\" data-widget_type=\"heading.default\">\n\t\t\t\t<div class=\"elementor-widget-container\">\n\t\t\t\t\t<h2 class=\"elementor-heading-title elementor-size-default\">Via e-mail<\/h2>\t\t\t\t<\/div>\n\t\t\t\t<\/div>\n\t\t\t\t<div class=\"elementor-element elementor-element-0d42fb0 elementor-widget elementor-widget-text-editor\" data-id=\"0d42fb0\" data-element_type=\"widget\" data-e-type=\"widget\" data-widget_type=\"text-editor.default\">\n\t\t\t\t<div class=\"elementor-widget-container\">\n\t\t\t\t\t\t\t\t\t<p>\u00a0<a title=\"mailto:audrey.berthault@aismolenbeek.be\" href=\"mailto:audrey.berthault@aismolenbeek.be\" data-linkindex=\"1\" data-ogsc=\"\">audrey.berthault@aismolenbeek.be<\/a>\u00a0<br \/>et\u00a0<br \/><a title=\"mailto:veronique.foubert@aismolenbeek.be\" href=\"mailto:veronique.foubert@aismolenbeek.be\" data-linkindex=\"2\" data-ogsc=\"\">veronique.foubert@aismolenbeek.be<\/a><\/p>\t\t\t\t\t\t\t\t<\/div>\n\t\t\t\t<\/div>\n\t\t\t\t<\/div>\n\t\t<div class=\"elementor-element elementor-element-ab2579a e-con-full e-flex e-con e-child\" data-id=\"ab2579a\" data-element_type=\"container\" data-e-type=\"container\">\n\t\t\t\t<div class=\"elementor-element elementor-element-f3efca9 elementor-widget elementor-widget-heading\" data-id=\"f3efca9\" data-element_type=\"widget\" data-e-type=\"widget\" data-widget_type=\"heading.default\">\n\t\t\t\t<div class=\"elementor-widget-container\">\n\t\t\t\t\t<h2 class=\"elementor-heading-title elementor-size-default\">Par t\u00e9l\u00e9phone<\/h2>\t\t\t\t<\/div>\n\t\t\t\t<\/div>\n\t\t\t\t<div class=\"elementor-element elementor-element-48bb5b7 elementor-widget elementor-widget-text-editor\" data-id=\"48bb5b7\" data-element_type=\"widget\" data-e-type=\"widget\" data-widget_type=\"text-editor.default\">\n\t\t\t\t<div class=\"elementor-widget-container\">\n\t\t\t\t\t\t\t\t\t<p>02\/899.96.89<\/p>\t\t\t\t\t\t\t\t<\/div>\n\t\t\t\t<\/div>\n\t\t<div class=\"elementor-element elementor-element-b1bba7e e-con-full e-flex e-con e-child\" data-id=\"b1bba7e\" data-element_type=\"container\" data-e-type=\"container\">\n\t\t\t\t<div class=\"elementor-element elementor-element-655d967 elementor-widget__width-initial elementor-widget elementor-widget-text-editor\" data-id=\"655d967\" data-element_type=\"widget\" data-e-type=\"widget\" data-widget_type=\"text-editor.default\">\n\t\t\t\t<div class=\"elementor-widget-container\">\n\t\t\t\t\t\t\t\t\t<p>Lundi<br \/>Mardi<br \/>Mercredi<br \/>Jeudi<\/p>\t\t\t\t\t\t\t\t<\/div>\n\t\t\t\t<\/div>\n\t\t\t\t<div class=\"elementor-element elementor-element-e42b06a elementor-widget elementor-widget-text-editor\" data-id=\"e42b06a\" data-element_type=\"widget\" data-e-type=\"widget\" data-widget_type=\"text-editor.default\">\n\t\t\t\t<div class=\"elementor-widget-container\">\n\t\t\t\t\t\t\t\t\t<p>08h00 \u00e0 12h00 \/ 13h00 \u00e0 16h00<br \/>13h00 \u00e0 16h00<br \/>08h00 \u00e0 12h00 \/ 13h00 \u00e0 16h<br \/>13h00 \u00e0 16h00<\/p>\t\t\t\t\t\t\t\t<\/div>\n\t\t\t\t<\/div>\n\t\t\t\t<\/div>\n\t\t\t\t<\/div>\n\t\t<div class=\"elementor-element elementor-element-4a94d75 e-con-full e-flex e-con e-child\" data-id=\"4a94d75\" data-element_type=\"container\" data-e-type=\"container\">\n\t\t\t\t<div class=\"elementor-element elementor-element-227a480 elementor-absolute elementor-widget elementor-widget-image\" data-id=\"227a480\" data-element_type=\"widget\" data-e-type=\"widget\" data-settings=\"{&quot;_position&quot;:&quot;absolute&quot;,&quot;motion_fx_motion_fx_scrolling&quot;:&quot;yes&quot;,&quot;motion_fx_translateY_effect&quot;:&quot;yes&quot;,&quot;motion_fx_translateY_speed&quot;:{&quot;unit&quot;:&quot;px&quot;,&quot;size&quot;:1,&quot;sizes&quot;:[]},&quot;motion_fx_translateY_affectedRange&quot;:{&quot;unit&quot;:&quot;%&quot;,&quot;size&quot;:&quot;&quot;,&quot;sizes&quot;:{&quot;start&quot;:0,&quot;end&quot;:100}},&quot;motion_fx_devices&quot;:[&quot;desktop&quot;,&quot;tablet_extra&quot;,&quot;tablet&quot;,&quot;mobile&quot;]}\" data-widget_type=\"image.default\">\n\t\t\t\t<div class=\"elementor-widget-container\">\n\t\t\t\t\t\t\t\t\t\t\t\t\t\t\t<img fetchpriority=\"high\" decoding=\"async\" width=\"309\" height=\"411\" src=\"https:\/\/aismolenbeek.be\/wp-content\/uploads\/2023\/09\/maison3-copie@2x.png\" class=\"attachment-large size-large wp-image-1746\" alt=\"\" srcset=\"https:\/\/aismolenbeek.be\/wp-content\/uploads\/2023\/09\/maison3-copie@2x.png 309w, https:\/\/aismolenbeek.be\/wp-content\/uploads\/2023\/09\/maison3-copie@2x-226x300.png 226w\" sizes=\"(max-width: 309px) 100vw, 309px\" \/>\t\t\t\t\t\t\t\t\t\t\t\t\t\t\t<\/div>\n\t\t\t\t<\/div>\n\t\t\t\t<\/div>\n\t\t\t\t<\/div>\n\t\t<div class=\"elementor-element elementor-element-dafd045 e-con-full e-flex e-con e-child\" data-id=\"dafd045\" data-element_type=\"container\" data-e-type=\"container\">\n\t\t\t\t<div class=\"elementor-element elementor-element-2ab03d8 elementor-widget elementor-widget-image\" data-id=\"2ab03d8\" data-element_type=\"widget\" data-e-type=\"widget\" data-widget_type=\"image.default\">\n\t\t\t\t<div class=\"elementor-widget-container\">\n\t\t\t\t\t\t\t\t\t\t\t\t\t\t\t<img decoding=\"async\" width=\"1526\" height=\"366\" src=\"https:\/\/aismolenbeek.be\/wp-content\/uploads\/2023\/09\/batiment-mais-copie@3x.png\" class=\"attachment-full size-full wp-image-1750\" alt=\"\" srcset=\"https:\/\/aismolenbeek.be\/wp-content\/uploads\/2023\/09\/batiment-mais-copie@3x.png 1526w, https:\/\/aismolenbeek.be\/wp-content\/uploads\/2023\/09\/batiment-mais-copie@3x-300x72.png 300w, https:\/\/aismolenbeek.be\/wp-content\/uploads\/2023\/09\/batiment-mais-copie@3x-1024x246.png 1024w, https:\/\/aismolenbeek.be\/wp-content\/uploads\/2023\/09\/batiment-mais-copie@3x-768x184.png 768w\" sizes=\"(max-width: 1526px) 100vw, 1526px\" \/>\t\t\t\t\t\t\t\t\t\t\t\t\t\t\t<\/div>\n\t\t\t\t<\/div>\n\t\t\t\t<\/div>\n\t\t\t\t<\/div>\n\t\t<div class=\"elementor-element elementor-element-f4b54d2 e-con-full e-flex e-con e-parent\" data-id=\"f4b54d2\" data-element_type=\"container\" data-e-type=\"container\">\n\t\t\t\t<div class=\"elementor-element elementor-element-29c4118 elementor-widget elementor-widget-spacer\" data-id=\"29c4118\" data-element_type=\"widget\" data-e-type=\"widget\" data-widget_type=\"spacer.default\">\n\t\t\t\t<div class=\"elementor-widget-container\">\n\t\t\t\t\t\t\t<div class=\"elementor-spacer\">\n\t\t\t<div class=\"elementor-spacer-inner\"><\/div>\n\t\t<\/div>\n\t\t\t\t\t\t<\/div>\n\t\t\t\t<\/div>\n\t\t\t\t<\/div>\n\t\t<div class=\"elementor-element elementor-element-c99a877 e-con-full e-flex e-con e-parent\" data-id=\"c99a877\" data-element_type=\"container\" data-e-type=\"container\" data-settings=\"{&quot;background_background&quot;:&quot;classic&quot;}\">\n\t\t<div class=\"elementor-element elementor-element-e2cd1fa e-con-full e-flex e-con e-child\" data-id=\"e2cd1fa\" data-element_type=\"container\" data-e-type=\"container\">\n\t\t\t\t<div class=\"elementor-element elementor-element-cac9b01 elementor-widget elementor-widget-heading\" data-id=\"cac9b01\" data-element_type=\"widget\" data-e-type=\"widget\" data-widget_type=\"heading.default\">\n\t\t\t\t<div class=\"elementor-widget-container\">\n\t\t\t\t\t<h2 class=\"elementor-heading-title elementor-size-default\">Nos bureaux<\/h2>\t\t\t\t<\/div>\n\t\t\t\t<\/div>\n\t\t\t\t<div class=\"elementor-element elementor-element-5c083c0 elementor-widget elementor-widget-text-editor\" data-id=\"5c083c0\" data-element_type=\"widget\" data-e-type=\"widget\" data-widget_type=\"text-editor.default\">\n\t\t\t\t<div class=\"elementor-widget-container\">\n\t\t\t\t\t\t\t\t\t<p><strong>Nous recevons uniquement sur rendez-vous<\/strong><br \/>Rue Potaerdegat 22-24<br \/>1080 Molenbeek-Saint-Jean<br \/>Tram 82 &#8211; arr\u00eat Van Zande<\/p>\t\t\t\t\t\t\t\t<\/div>\n\t\t\t\t<\/div>\n\t\t\t\t<\/div>\n\t\t\t\t<div class=\"elementor-element elementor-element-9cd6b1a elementor-widget elementor-widget-google_maps\" data-id=\"9cd6b1a\" data-element_type=\"widget\" data-e-type=\"widget\" data-widget_type=\"google_maps.default\">\n\t\t\t\t<div class=\"elementor-widget-container\">\n\t\t\t\t\t\t\t<div class=\"elementor-custom-embed\">\n\t\t\t<iframe loading=\"lazy\"\n\t\t\t\t\tsrc=\"https:\/\/maps.google.com\/maps?q=MAIS%20asbl%20Rue%20Potaerdegat%2022-24%201080%20Molenbeek-Saint-Jean&#038;t=m&#038;z=16&#038;output=embed&#038;iwloc=near\"\n\t\t\t\t\ttitle=\"MAIS asbl Rue Potaerdegat 22-24 1080 Molenbeek-Saint-Jean\"\n\t\t\t\t\taria-label=\"MAIS asbl Rue Potaerdegat 22-24 1080 Molenbeek-Saint-Jean\"\n\t\t\t><\/iframe>\n\t\t<\/div>\n\t\t\t\t\t\t<\/div>\n\t\t\t\t<\/div>\n\t\t\t\t<div class=\"elementor-element elementor-element-6a39dde elementor-widget__width-initial elementor-absolute elementor-widget elementor-widget-image\" data-id=\"6a39dde\" data-element_type=\"widget\" data-e-type=\"widget\" data-settings=\"{&quot;_position&quot;:&quot;absolute&quot;,&quot;motion_fx_motion_fx_scrolling&quot;:&quot;yes&quot;,&quot;motion_fx_translateY_effect&quot;:&quot;yes&quot;,&quot;motion_fx_translateY_speed&quot;:{&quot;unit&quot;:&quot;px&quot;,&quot;size&quot;:1,&quot;sizes&quot;:[]},&quot;motion_fx_translateY_affectedRange&quot;:{&quot;unit&quot;:&quot;%&quot;,&quot;size&quot;:&quot;&quot;,&quot;sizes&quot;:{&quot;start&quot;:0,&quot;end&quot;:100}},&quot;motion_fx_devices&quot;:[&quot;desktop&quot;,&quot;tablet_extra&quot;,&quot;tablet&quot;,&quot;mobile&quot;]}\" data-widget_type=\"image.default\">\n\t\t\t\t<div class=\"elementor-widget-container\">\n\t\t\t\t\t\t\t\t\t\t\t\t\t\t\t<img decoding=\"async\" width=\"236\" height=\"267\" src=\"https:\/\/aismolenbeek.be\/wp-content\/uploads\/2023\/06\/fenetre-3@2x-1.png\" class=\"attachment-large size-large wp-image-1249\" alt=\"\" \/>\t\t\t\t\t\t\t\t\t\t\t\t\t\t\t<\/div>\n\t\t\t\t<\/div>\n\t\t\t\t<\/div>\n\t\t<div class=\"elementor-element elementor-element-3e1b14e e-con-full e-flex e-con e-parent\" data-id=\"3e1b14e\" data-element_type=\"container\" data-e-type=\"container\">\n\t\t\t\t<div class=\"elementor-element elementor-element-13cbb02 elementor-widget elementor-widget-spacer\" data-id=\"13cbb02\" data-element_type=\"widget\" data-e-type=\"widget\" data-widget_type=\"spacer.default\">\n\t\t\t\t<div class=\"elementor-widget-container\">\n\t\t\t\t\t\t\t<div class=\"elementor-spacer\">\n\t\t\t<div class=\"elementor-spacer-inner\"><\/div>\n\t\t<\/div>\n\t\t\t\t\t\t<\/div>\n\t\t\t\t<\/div>\n\t\t\t\t<\/div>\n\t\t<div class=\"elementor-element elementor-element-8d7b477 e-con-full e-flex e-con e-parent\" data-id=\"8d7b477\" data-element_type=\"container\" data-e-type=\"container\">\n\t\t\t\t<div class=\"elementor-element elementor-element-b8d6c9d elementor-widget__width-initial elementor-absolute elementor-widget elementor-widget-image\" data-id=\"b8d6c9d\" data-element_type=\"widget\" data-e-type=\"widget\" data-settings=\"{&quot;_position&quot;:&quot;absolute&quot;,&quot;motion_fx_motion_fx_scrolling&quot;:&quot;yes&quot;,&quot;motion_fx_translateY_effect&quot;:&quot;yes&quot;,&quot;motion_fx_translateY_speed&quot;:{&quot;unit&quot;:&quot;px&quot;,&quot;size&quot;:1,&quot;sizes&quot;:[]},&quot;motion_fx_translateY_affectedRange&quot;:{&quot;unit&quot;:&quot;%&quot;,&quot;size&quot;:&quot;&quot;,&quot;sizes&quot;:{&quot;start&quot;:0,&quot;end&quot;:100}},&quot;motion_fx_devices&quot;:[&quot;desktop&quot;,&quot;tablet_extra&quot;,&quot;tablet&quot;,&quot;mobile&quot;]}\" data-widget_type=\"image.default\">\n\t\t\t\t<div class=\"elementor-widget-container\">\n\t\t\t\t\t\t\t\t\t\t\t\t\t\t\t<img loading=\"lazy\" decoding=\"async\" width=\"177\" height=\"100\" src=\"https:\/\/aismolenbeek.be\/wp-content\/uploads\/2023\/06\/clef@2x.png\" class=\"attachment-large size-large wp-image-1245\" alt=\"\" \/>\t\t\t\t\t\t\t\t\t\t\t\t\t\t\t<\/div>\n\t\t\t\t<\/div>\n\t\t<div class=\"elementor-element elementor-element-ec26980 e-con-full e-flex e-con e-child\" data-id=\"ec26980\" data-element_type=\"container\" data-e-type=\"container\">\n\t\t\t\t<div class=\"elementor-element elementor-element-cea4a1e elementor-widget elementor-widget-heading\" data-id=\"cea4a1e\" data-element_type=\"widget\" data-e-type=\"widget\" data-widget_type=\"heading.default\">\n\t\t\t\t<div class=\"elementor-widget-container\">\n\t\t\t\t\t<h2 class=\"elementor-heading-title elementor-size-default\">Formulaire de contact<\/h2>\t\t\t\t<\/div>\n\t\t\t\t<\/div>\n\t\t\t\t<div class=\"elementor-element elementor-element-6d602f4 elementor-widget__width-initial elementor-widget elementor-widget-image\" data-id=\"6d602f4\" data-element_type=\"widget\" data-e-type=\"widget\" data-widget_type=\"image.default\">\n\t\t\t\t<div class=\"elementor-widget-container\">\n\t\t\t\t\t\t\t\t\t\t\t\t\t\t\t<img loading=\"lazy\" decoding=\"async\" width=\"374\" height=\"576\" src=\"https:\/\/aismolenbeek.be\/wp-content\/uploads\/2023\/09\/maison2@3x.png\" class=\"attachment-full size-full wp-image-1752\" alt=\"\" srcset=\"https:\/\/aismolenbeek.be\/wp-content\/uploads\/2023\/09\/maison2@3x.png 374w, https:\/\/aismolenbeek.be\/wp-content\/uploads\/2023\/09\/maison2@3x-195x300.png 195w\" sizes=\"(max-width: 374px) 100vw, 374px\" \/>\t\t\t\t\t\t\t\t\t\t\t\t\t\t\t<\/div>\n\t\t\t\t<\/div>\n\t\t\t\t<\/div>\n\t\t\t\t<div class=\"elementor-element elementor-element-7fbf756 elementor-widget__width-initial elementor-widget-tablet_extra__width-initial elementor-widget elementor-widget-wpforms\" data-id=\"7fbf756\" data-element_type=\"widget\" data-e-type=\"widget\" data-widget_type=\"wpforms.default\">\n\t\t\t\t<div class=\"elementor-widget-container\">\n\t\t\t\t\t<style id=\"wpforms-css-vars-root\">\n\t\t\t\t:root {\n\t\t\t\t\t--wpforms-field-border-radius: 3px;\n--wpforms-field-background-color: #ffffff;\n--wpforms-field-border-color: rgba( 0, 0, 0, 0.25 );\n--wpforms-field-text-color: rgba( 0, 0, 0, 0.7 );\n--wpforms-label-color: rgba( 0, 0, 0, 0.85 );\n--wpforms-label-sublabel-color: rgba( 0, 0, 0, 0.55 );\n--wpforms-label-error-color: #d63637;\n--wpforms-button-border-radius: 3px;\n--wpforms-button-background-color: #066aab;\n--wpforms-button-text-color: #ffffff;\n--wpforms-field-size-input-height: 43px;\n--wpforms-field-size-input-spacing: 15px;\n--wpforms-field-size-font-size: 16px;\n--wpforms-field-size-line-height: 19px;\n--wpforms-field-size-padding-h: 14px;\n--wpforms-field-size-checkbox-size: 16px;\n--wpforms-field-size-sublabel-spacing: 5px;\n--wpforms-field-size-icon-size: 1;\n--wpforms-label-size-font-size: 16px;\n--wpforms-label-size-line-height: 19px;\n--wpforms-label-size-sublabel-font-size: 14px;\n--wpforms-label-size-sublabel-line-height: 17px;\n--wpforms-button-size-font-size: 17px;\n--wpforms-button-size-height: 41px;\n--wpforms-button-size-padding-h: 15px;\n--wpforms-button-size-margin-top: 10px;\n\n\t\t\t\t}\n\t\t\t<\/style><style id=\"wpforms-css-vars-elementor-widget-7fbf756\">\n\t\t\t\t.elementor-widget-wpforms.elementor-element-7fbf756 {\n\t\t\t\t\t--wpforms-field-border-color: #6B1C46;\n--wpforms-button-background-color: #6B1C46;\n--wpforms-label-color: #6B1C46;\n--wpforms-field-size-input-height: 50px;\n--wpforms-field-size-input-spacing: 20px;\n--wpforms-field-size-font-size: 18px;\n--wpforms-field-size-line-height: 21px;\n--wpforms-field-size-padding-h: 14px;\n--wpforms-field-size-checkbox-size: 18px;\n--wpforms-field-size-sublabel-spacing: 10px;\n--wpforms-field-size-icon-size: 1.25;\n--wpforms-label-size-font-size: 18px;\n--wpforms-label-size-line-height: 21px;\n--wpforms-label-size-sublabel-font-size: 16px;\n--wpforms-label-size-sublabel-line-height: 19px;\n--wpforms-button-size-font-size: 20px;\n--wpforms-button-size-height: 48px;\n--wpforms-button-size-padding-h: 20px;\n--wpforms-button-size-margin-top: 15px;\n\n\t\t\t\t}\n\t\t\t<\/style><div class=\"wpforms-container wpforms-container-full wpforms-render-modern\" id=\"wpforms-2545\"><form id=\"wpforms-form-2545\" class=\"wpforms-validate wpforms-form wpforms-ajax-form\" data-formid=\"2545\" method=\"post\" enctype=\"multipart\/form-data\" action=\"\/nl\/wp-json\/wp\/v2\/pages\/263\" data-token=\"f83185798e6aa7b44de696d399ab23d7\"><noscript class=\"wpforms-error-noscript\">Schakel JavaScript in je browser in om dit formulier in te vullen.<\/noscript><div class=\"wpforms-hidden\" id=\"wpforms-error-noscript\">Schakel JavaScript in je browser in om dit formulier in te vullen.<\/div><div class=\"wpforms-field-container\"><div id=\"wpforms-2545-field_0-container\" class=\"wpforms-field wpforms-field-name\" data-field-id=\"0\"><fieldset><legend class=\"wpforms-field-label\">Nom <span class=\"wpforms-required-label\" aria-hidden=\"true\">*<\/span><\/legend><div class=\"wpforms-field-row wpforms-field-large\"><div class=\"wpforms-field-row-block wpforms-first wpforms-one-half\"><input type=\"text\" id=\"wpforms-2545-field_0\" class=\"wpforms-field-name-first wpforms-field-required\" name=\"wpforms[fields][0][first]\" aria-errormessage=\"wpforms-2545-field_0-error\" required><label for=\"wpforms-2545-field_0\" class=\"wpforms-field-sublabel after \">Voornaam<\/label><\/div><div class=\"wpforms-field-row-block wpforms-one-half\"><input type=\"text\" id=\"wpforms-2545-field_0-last\" class=\"wpforms-field-name-last wpforms-field-required\" name=\"wpforms[fields][0][last]\" aria-errormessage=\"wpforms-2545-field_0-last-error\" required><label for=\"wpforms-2545-field_0-last\" class=\"wpforms-field-sublabel after \">Achternaam<\/label><\/div><\/div><\/fieldset><\/div><div id=\"wpforms-2545-field_1-container\" class=\"wpforms-field wpforms-field-email\" data-field-id=\"1\"><label class=\"wpforms-field-label\" for=\"wpforms-2545-field_1\">E-mail <span class=\"wpforms-required-label\" aria-hidden=\"true\">*<\/span><\/label><input type=\"email\" id=\"wpforms-2545-field_1\" class=\"wpforms-field-large wpforms-field-required\" name=\"wpforms[fields][1]\" spellcheck=\"false\" aria-errormessage=\"wpforms-2545-field_1-error\" required><\/div><div id=\"wpforms-2545-field_3-container\" class=\"wpforms-field wpforms-field-text\" data-field-id=\"3\"><label class=\"wpforms-field-label\" for=\"wpforms-2545-field_3\">T\u00e9l\u00e9phone <span class=\"wpforms-required-label\" aria-hidden=\"true\">*<\/span><\/label><input type=\"text\" id=\"wpforms-2545-field_3\" class=\"wpforms-field-large wpforms-field-required\" name=\"wpforms[fields][3]\" aria-errormessage=\"wpforms-2545-field_3-error\" required><\/div><div id=\"wpforms-2545-field_4-container\" class=\"wpforms-field wpforms-field-checkbox wpforms-list-3-columns wpforms-conditional-trigger\" data-field-id=\"4\"><fieldset><legend class=\"wpforms-field-label\">Je souhaite atteindre le service suivant <span class=\"wpforms-required-label\" aria-hidden=\"true\">*<\/span><\/legend><ul id=\"wpforms-2545-field_4\" class=\"wpforms-field-required\"><li class=\"choice-1 depth-1\"><input type=\"checkbox\" id=\"wpforms-2545-field_4_1\" name=\"wpforms[fields][4][]\" value=\"Service technique\" aria-errormessage=\"wpforms-2545-field_4_1-error\" required ><label class=\"wpforms-field-label-inline\" for=\"wpforms-2545-field_4_1\">Service technique<\/label><\/li><li class=\"choice-2 depth-1\"><input type=\"checkbox\" id=\"wpforms-2545-field_4_2\" name=\"wpforms[fields][4][]\" value=\"Candidature\" aria-errormessage=\"wpforms-2545-field_4_2-error\" required ><label class=\"wpforms-field-label-inline\" for=\"wpforms-2545-field_4_2\">Candidature<\/label><\/li><li class=\"choice-3 depth-1\"><input type=\"checkbox\" id=\"wpforms-2545-field_4_3\" name=\"wpforms[fields][4][]\" value=\"Propri\u00e9taire\" aria-errormessage=\"wpforms-2545-field_4_3-error\" required ><label class=\"wpforms-field-label-inline\" for=\"wpforms-2545-field_4_3\">Propri\u00e9taire<\/label><\/li><li class=\"choice-4 depth-1\"><input type=\"checkbox\" id=\"wpforms-2545-field_4_4\" name=\"wpforms[fields][4][]\" value=\"Information\" aria-errormessage=\"wpforms-2545-field_4_4-error\" required ><label class=\"wpforms-field-label-inline\" for=\"wpforms-2545-field_4_4\">Information<\/label><\/li><\/ul><\/fieldset><\/div><div id=\"wpforms-2545-field_5-container\" class=\"wpforms-field wpforms-field-text wpforms-conditional-field wpforms-conditional-show\" data-field-id=\"5\" style=\"display:none;\"><label class=\"wpforms-field-label\" for=\"wpforms-2545-field_5\">Votre num\u00e9ro de candidature <span class=\"wpforms-required-label\" aria-hidden=\"true\">*<\/span><\/label><input type=\"text\" id=\"wpforms-2545-field_5\" class=\"wpforms-field-large wpforms-field-required\" name=\"wpforms[fields][5]\" aria-errormessage=\"wpforms-2545-field_5-error\" required><\/div><div id=\"wpforms-2545-field_2-container\" class=\"wpforms-field wpforms-field-textarea\" data-field-id=\"2\"><label class=\"wpforms-field-label\" for=\"wpforms-2545-field_2\">Commentaire ou message <span class=\"wpforms-required-label\" aria-hidden=\"true\">*<\/span><\/label><textarea id=\"wpforms-2545-field_2\" class=\"wpforms-field-medium wpforms-field-required\" name=\"wpforms[fields][2]\" aria-errormessage=\"wpforms-2545-field_2-error\" required><\/textarea><\/div><\/div><!-- .wpforms-field-container --><div class=\"wpforms-submit-container\" ><input type=\"hidden\" name=\"wpforms[id]\" value=\"2545\"><input type=\"hidden\" name=\"wpforms[author]\" value=\"1\"><button type=\"submit\" name=\"wpforms[submit]\" id=\"wpforms-submit-2545\" class=\"wpforms-submit\" data-alt-text=\"Envoi...\" data-submit-text=\"Envoyer\" aria-live=\"assertive\" value=\"wpforms-submit\">Envoyer<\/button><img loading=\"lazy\" decoding=\"async\" src=\"https:\/\/aismolenbeek.be\/wp-content\/plugins\/wpforms\/assets\/images\/submit-spin.svg\" class=\"wpforms-submit-spinner\" style=\"display: none;\" width=\"26\" height=\"26\" alt=\"Aan het laden\"><\/div><\/form><\/div>  <!-- .wpforms-container -->\t\t\t\t<\/div>\n\t\t\t\t<\/div>\n\t\t\t\t<\/div>\n\t\t\t\t<\/div>\n\t\t","protected":false},"excerpt":{"rendered":"<p>Par courrier MAIS asbl Rue Potaerdegat 22-24 1080 Molenbeek-Saint-Jean Via e-mail \u00a0audrey.berthault@aismolenbeek.be\u00a0et\u00a0veronique.foubert@aismolenbeek.be Par t\u00e9l\u00e9phone 02\/899.96.89 LundiMardiMercrediJeudi 08h00 \u00e0 12h00 \/ 13h00 \u00e0 16h0013h00 \u00e0 16h0008h00 \u00e0 12h00 \/ 13h00 \u00e0 16h13h00 \u00e0 16h00 Nos bureaux Nous recevons uniquement sur rendez-vousRue Potaerdegat 22-241080 Molenbeek-Saint-JeanTram 82 &#8211; arr\u00eat Van Zande Formulaire de contact Veuillez activer JavaScript dans [&hellip;]<\/p>\n","protected":false},"author":1,"featured_media":0,"parent":0,"menu_order":4,"comment_status":"closed","ping_status":"closed","template":"","meta":{"footnotes":""},"class_list":["post-263","page","type-page","status-publish","hentry"],"_links":{"self":[{"href":"https:\/\/aismolenbeek.be\/nl\/wp-json\/wp\/v2\/pages\/263","targetHints":{"allow":["GET"]}}],"collection":[{"href":"https:\/\/aismolenbeek.be\/nl\/wp-json\/wp\/v2\/pages"}],"about":[{"href":"https:\/\/aismolenbeek.be\/nl\/wp-json\/wp\/v2\/types\/page"}],"author":[{"embeddable":true,"href":"https:\/\/aismolenbeek.be\/nl\/wp-json\/wp\/v2\/users\/1"}],"replies":[{"embeddable":true,"href":"https:\/\/aismolenbeek.be\/nl\/wp-json\/wp\/v2\/comments?post=263"}],"version-history":[{"count":8,"href":"https:\/\/aismolenbeek.be\/nl\/wp-json\/wp\/v2\/pages\/263\/revisions"}],"predecessor-version":[{"id":2677,"href":"https:\/\/aismolenbeek.be\/nl\/wp-json\/wp\/v2\/pages\/263\/revisions\/2677"}],"wp:attachment":[{"href":"https:\/\/aismolenbeek.be\/nl\/wp-json\/wp\/v2\/media?parent=263"}],"curies":[{"name":"wp","href":"https:\/\/api.w.org\/{rel}","templated":true}]}}