{"id":2512,"date":"2023-12-12T12:46:31","date_gmt":"2023-12-12T12:46:31","guid":{"rendered":"https:\/\/aismolenbeek.be\/?page_id=2512"},"modified":"2024-08-26T12:51:34","modified_gmt":"2024-08-26T12:51:34","slug":"candidat","status":"publish","type":"page","link":"https:\/\/aismolenbeek.be\/nl\/candidat\/","title":{"rendered":"Kandidaat"},"content":{"rendered":"<div data-elementor-type=\"wp-page\" data-elementor-id=\"2512\" class=\"elementor elementor-2512\" data-elementor-post-type=\"page\">\n\t\t\t\t<div class=\"elementor-element elementor-element-91e2a07 e-con-full e-flex e-con e-parent\" data-id=\"91e2a07\" data-element_type=\"container\" data-e-type=\"container\">\n\t\t<div class=\"elementor-element elementor-element-6f7ffdc e-con-full e-flex e-con e-child\" data-id=\"6f7ffdc\" data-element_type=\"container\" data-e-type=\"container\">\n\t\t\t\t<div class=\"elementor-element elementor-element-cfcc38a elementor-widget elementor-widget-heading\" data-id=\"cfcc38a\" data-element_type=\"widget\" data-e-type=\"widget\" data-widget_type=\"heading.default\">\n\t\t\t\t<div class=\"elementor-widget-container\">\n\t\t\t\t\t<h2 class=\"elementor-heading-title elementor-size-default\">Bent u al kandidaat?<\/h2>\t\t\t\t<\/div>\n\t\t\t\t<\/div>\n\t\t\t\t<div class=\"elementor-element elementor-element-a9dac9e elementor-widget elementor-widget-text-editor\" data-id=\"a9dac9e\" data-element_type=\"widget\" data-e-type=\"widget\" data-widget_type=\"text-editor.default\">\n\t\t\t\t<div class=\"elementor-widget-container\">\n\t\t\t\t\t\t\t\t\t<p>Ik wil graag mijn profiel bijwerken.<\/p>\t\t\t\t\t\t\t\t<\/div>\n\t\t\t\t<\/div>\n\t\t\t\t<div class=\"elementor-element elementor-element-efe04b2 elementor-widget elementor-widget-html\" data-id=\"efe04b2\" data-element_type=\"widget\" data-e-type=\"widget\" data-widget_type=\"html.default\">\n\t\t\t\t<div class=\"elementor-widget-container\">\n\t\t\t\t\t<iframe src=\"https:\/\/mais.openbaz.be\/candidature\" style=\"border:0px #ffffff none;\" name=\"candidature\" scrolling=\"yes\" frameborder=\"1\" marginheight=\"0px\" marginwidth=\"0px\" height=\"1500px\" width=\"100%\" allowfullscreen><\/iframe>\t\t\t\t<\/div>\n\t\t\t\t<\/div>\n\t\t\t\t<\/div>\n\t\t<div class=\"elementor-element elementor-element-7cc5a5e e-con-full e-flex e-con e-child\" data-id=\"7cc5a5e\" data-element_type=\"container\" data-e-type=\"container\">\n\t\t\t\t<div class=\"elementor-element elementor-element-6605961 elementor-widget__width-initial elementor-widget elementor-widget-image\" data-id=\"6605961\" data-element_type=\"widget\" data-e-type=\"widget\" data-widget_type=\"image.default\">\n\t\t\t\t<div class=\"elementor-widget-container\">\n\t\t\t\t\t\t\t\t\t\t\t\t\t\t\t<img fetchpriority=\"high\" decoding=\"async\" width=\"341\" height=\"456\" src=\"https:\/\/aismolenbeek.be\/wp-content\/uploads\/2023\/09\/Plan-de-travail-47-copie@2x.png\" class=\"attachment-large size-large wp-image-1778\" alt=\"\" srcset=\"https:\/\/aismolenbeek.be\/wp-content\/uploads\/2023\/09\/Plan-de-travail-47-copie@2x.png 341w, https:\/\/aismolenbeek.be\/wp-content\/uploads\/2023\/09\/Plan-de-travail-47-copie@2x-224x300.png 224w\" sizes=\"(max-width: 341px) 100vw, 341px\" \/>\t\t\t\t\t\t\t\t\t\t\t\t\t\t\t<\/div>\n\t\t\t\t<\/div>\n\t\t\t\t<div class=\"elementor-element elementor-element-fcffecc elementor-widget__width-initial elementor-widget elementor-widget-image\" data-id=\"fcffecc\" data-element_type=\"widget\" data-e-type=\"widget\" data-widget_type=\"image.default\">\n\t\t\t\t<div class=\"elementor-widget-container\">\n\t\t\t\t\t\t\t\t\t\t\t\t\t\t\t<img decoding=\"async\" width=\"374\" height=\"576\" src=\"https:\/\/aismolenbeek.be\/wp-content\/uploads\/2023\/09\/maison2@3x.png\" class=\"attachment-large size-large wp-image-1752\" alt=\"\" srcset=\"https:\/\/aismolenbeek.be\/wp-content\/uploads\/2023\/09\/maison2@3x.png 374w, https:\/\/aismolenbeek.be\/wp-content\/uploads\/2023\/09\/maison2@3x-195x300.png 195w\" sizes=\"(max-width: 374px) 100vw, 374px\" \/>\t\t\t\t\t\t\t\t\t\t\t\t\t\t\t<\/div>\n\t\t\t\t<\/div>\n\t\t\t\t<div class=\"elementor-element elementor-element-f8fdc9a elementor-widget__width-initial elementor-widget elementor-widget-image\" data-id=\"f8fdc9a\" data-element_type=\"widget\" data-e-type=\"widget\" data-widget_type=\"image.default\">\n\t\t\t\t<div class=\"elementor-widget-container\">\n\t\t\t\t\t\t\t\t\t\t\t\t\t\t\t<img decoding=\"async\" width=\"310\" height=\"357\" src=\"https:\/\/aismolenbeek.be\/wp-content\/uploads\/2023\/06\/maison@2x-1.png\" class=\"attachment-large size-large wp-image-1252\" alt=\"\" srcset=\"https:\/\/aismolenbeek.be\/wp-content\/uploads\/2023\/06\/maison@2x-1.png 310w, https:\/\/aismolenbeek.be\/wp-content\/uploads\/2023\/06\/maison@2x-1-261x300.png 261w\" sizes=\"(max-width: 310px) 100vw, 310px\" \/>\t\t\t\t\t\t\t\t\t\t\t\t\t\t\t<\/div>\n\t\t\t\t<\/div>\n\t\t\t\t<\/div>\n\t\t\t\t<\/div>\n\t\t\t\t<\/div>","protected":false},"excerpt":{"rendered":"<p>Vous \u00eates d\u00e9ja candidat ? Je souhaite mettre \u00e0 jour ma fiche.<\/p>","protected":false},"author":1,"featured_media":0,"parent":0,"menu_order":7,"comment_status":"closed","ping_status":"closed","template":"","meta":{"footnotes":""},"class_list":["post-2512","page","type-page","status-publish","hentry"],"_links":{"self":[{"href":"https:\/\/aismolenbeek.be\/nl\/wp-json\/wp\/v2\/pages\/2512","targetHints":{"allow":["GET"]}}],"collection":[{"href":"https:\/\/aismolenbeek.be\/nl\/wp-json\/wp\/v2\/pages"}],"about":[{"href":"https:\/\/aismolenbeek.be\/nl\/wp-json\/wp\/v2\/types\/page"}],"author":[{"embeddable":true,"href":"https:\/\/aismolenbeek.be\/nl\/wp-json\/wp\/v2\/users\/1"}],"replies":[{"embeddable":true,"href":"https:\/\/aismolenbeek.be\/nl\/wp-json\/wp\/v2\/comments?post=2512"}],"version-history":[{"count":5,"href":"https:\/\/aismolenbeek.be\/nl\/wp-json\/wp\/v2\/pages\/2512\/revisions"}],"predecessor-version":[{"id":2633,"href":"https:\/\/aismolenbeek.be\/nl\/wp-json\/wp\/v2\/pages\/2512\/revisions\/2633"}],"wp:attachment":[{"href":"https:\/\/aismolenbeek.be\/nl\/wp-json\/wp\/v2\/media?parent=2512"}],"curies":[{"name":"wp","href":"https:\/\/api.w.org\/{rel}","templated":true}]}}